{"id":724,"date":"2020-06-16T10:15:08","date_gmt":"2020-06-16T08:15:08","guid":{"rendered":"http:\/\/asso270.org\/?page_id=724"},"modified":"2026-01-22T16:20:41","modified_gmt":"2026-01-22T15:20:41","slug":"devenir-adherent-e","status":"publish","type":"page","link":"https:\/\/asso270.org\/index.php\/devenir-adherent-e\/","title":{"rendered":"Devenir adh\u00e9rent.e"},"content":{"rendered":"\n<p>Voici un lien vers la plateforme HelloAsso qui vous permet d&rsquo;adh\u00e9rer en ligne :<\/p>\n\n\n<p><iframe id=\"haWidget\" allowtransparency=\"true\" src=\"https:\/\/www.helloasso.com\/associations\/270\/adhesions\/adhesion-asso-270-pour-2026\/widget-bouton\" style=\"width: 100%; height: 70px; border: none;\" onload=\"window.addEventListener( 'message', function(e) { const dataHeight = e.data.height; const haWidgetElement = document.getElementById('haWidget'); haWidgetElement.height = dataHeight + 'px'; } )\" ><\/iframe><\/p>\n\n\n\n<p>L&rsquo;autre solution consiste \u00e0 venir un mercredi au march\u00e9 et \u00e0 adh\u00e9rer directement au camion \u00e9picerie, le prix reste inchang\u00e9, 5\u20ac pour une ann\u00e9e.<\/p>\n\n\n\n<p><\/p>\n","protected":false},"excerpt":{"rendered":"<p>Voici un lien vers la plateforme HelloAsso qui vous permet d&rsquo;adh\u00e9rer en ligne : L&rsquo;autre solution consiste \u00e0 venir un mercredi au march\u00e9 et \u00e0 adh\u00e9rer directement au camion \u00e9picerie, le prix reste inchang\u00e9, 5\u20ac pour une ann\u00e9e.<\/p>\n","protected":false},"author":1,"featured_media":0,"parent":0,"menu_order":0,"comment_status":"closed","ping_status":"closed","template":"","meta":{"footnotes":""},"class_list":["post-724","page","type-page","status-publish","hentry"],"_links":{"self":[{"href":"https:\/\/asso270.org\/index.php\/wp-json\/wp\/v2\/pages\/724","targetHints":{"allow":["GET"]}}],"collection":[{"href":"https:\/\/asso270.org\/index.php\/wp-json\/wp\/v2\/pages"}],"about":[{"href":"https:\/\/asso270.org\/index.php\/wp-json\/wp\/v2\/types\/page"}],"author":[{"embeddable":true,"href":"https:\/\/asso270.org\/index.php\/wp-json\/wp\/v2\/users\/1"}],"replies":[{"embeddable":true,"href":"https:\/\/asso270.org\/index.php\/wp-json\/wp\/v2\/comments?post=724"}],"version-history":[{"count":11,"href":"https:\/\/asso270.org\/index.php\/wp-json\/wp\/v2\/pages\/724\/revisions"}],"predecessor-version":[{"id":1078,"href":"https:\/\/asso270.org\/index.php\/wp-json\/wp\/v2\/pages\/724\/revisions\/1078"}],"wp:attachment":[{"href":"https:\/\/asso270.org\/index.php\/wp-json\/wp\/v2\/media?parent=724"}],"curies":[{"name":"wp","href":"https:\/\/api.w.org\/{rel}","templated":true}]}}